{"id":1539,"date":"2024-06-20T16:49:37","date_gmt":"2024-06-20T16:49:37","guid":{"rendered":"https:\/\/los-sharkos.com\/?page_id=1539"},"modified":"2026-04-10T17:26:19","modified_gmt":"2026-04-10T17:26:19","slug":"les-reglements","status":"publish","type":"page","link":"https:\/\/los-sharkos.com\/?page_id=1539","title":{"rendered":"Commandes sur LSRP"},"content":{"rendered":"<div data-colibri-id=\"1539-c1\" class=\"style-1798 style-local-1539-c1 position-relative\">\n  <!---->\n  <div data-colibri-component=\"section\" data-colibri-id=\"1539-c2\" id=\"f-a-q\" class=\"h-section h-section-global-spacing d-flex align-items-lg-center align-items-md-center align-items-center style-1799 style-local-1539-c2 position-relative\">\n    <!---->\n    <!---->\n    <div class=\"h-section-grid-container h-section-boxed-container\">\n      <div data-colibri-id=\"1539-c12\" class=\"h-row-container gutters-row-lg-2 gutters-row-md-2 gutters-row-2 gutters-row-v-lg-2 gutters-row-v-md-2 gutters-row-v-2 style-1809 style-local-1539-c12 position-relative\">\n        <!---->\n        <div class=\"h-row justify-content-lg-center justify-content-md-center justify-content-center align-items-lg-stretch align-items-md-stretch align-items-stretch gutters-col-lg-2 gutters-col-md-2 gutters-col-2 gutters-col-v-lg-2 gutters-col-v-md-2 gutters-col-v-2\">\n          <!---->\n          <div class=\"h-column h-column-container d-flex h-col-lg-auto h-col-md-auto h-col-auto style-1810-outer style-local-1539-c13-outer\">\n            <div data-colibri-id=\"1539-c13\" class=\"d-flex h-flex-basis h-column__inner h-px-lg-2 h-px-md-2 h-px-2 v-inner-lg-2 v-inner-md-2 v-inner-2 style-1810 style-local-1539-c13 position-relative\">\n              <!---->\n              <!---->\n              <div class=\"w-100 h-y-container h-column__content h-column__v-align flex-basis-100 align-self-lg-start align-self-md-start align-self-start\">\n                <!---->\n                <div data-colibri-id=\"1539-c14\" class=\"h-global-transition-all h-heading style-1811 style-local-1539-c14 position-relative h-element\">\n                  <!---->\n                  <div class=\"h-heading__outer style-1811 style-local-1539-c14\">\n                    <!---->\n                    <!---->\n                    <h2 class=\"\">LES COMMANDES G\u00c9N\u00c9RALES<\/h2>\n                  <\/div>\n                <\/div>\n              <\/div>\n            <\/div>\n          <\/div>\n        <\/div>\n      <\/div>\n      <div data-colibri-id=\"1539-c3\" class=\"h-row-container gutters-row-lg-2 gutters-row-md-2 gutters-row-3 gutters-row-v-lg-2 gutters-row-v-md-2 gutters-row-v-2 style-1800 style-local-1539-c3 position-relative\">\n        <!---->\n        <div class=\"h-row justify-content-lg-center justify-content-md-center justify-content-center align-items-lg-stretch align-items-md-stretch align-items-stretch gutters-col-lg-2 gutters-col-md-2 gutters-col-3 gutters-col-v-lg-2 gutters-col-v-md-2 gutters-col-v-2\">\n          <!---->\n          <div class=\"h-column h-column-container d-flex h-col-lg-auto h-col-md-auto h-col-auto style-1801-outer style-local-1539-c4-outer\">\n            <div data-colibri-id=\"1539-c4\" class=\"d-flex h-flex-basis h-column__inner h-px-lg-2 h-px-md-2 h-px-2 v-inner-lg-2 v-inner-md-2 v-inner-2 style-1801 style-local-1539-c4 position-relative\">\n              <!---->\n              <!---->\n              <div class=\"w-100 h-y-container h-column__content h-column__v-align flex-basis-100 align-self-lg-start align-self-md-start align-self-start\">\n                <!---->\n                <div data-toggle=\"true\" data-is-preview=\"true\" data-colibri-component=\"accordion\" data-colibri-id=\"1539-c5\" class=\"h-accordion style-1802 style-local-1539-c5 position-relative h-element\">\n                  <!---->\n                  <div data-colibri-id=\"1539-c10\" class=\"h-accordion-item h-accordion-item-first-child style-1807 style-local-1539-c10 position-relative h-element\">\n                    <!---->\n                    <a data-open-by-default=\"false\" href=\"#1539-c10\" class=\"h-accordion-item-title d-flex align-items-center h-global-transition\">\n                      <!----><span>Commandes G\u00e9n\u00e9rales<\/span>\n                      <div class=\"h-accordion-item-title-normal-icon h-accordion-item-title-icon h-accordion-item-title-icon-right\"><span class=\"h-svg-icon\"><!--Icon by Icons8 Line Awesome (https:\/\/icons8.com\/line-awesome)--><svg version=\"1.1\" xmlns=\"http:\/\/www.w3.org\/2000\/svg\" xmlns:xlink=\"http:\/\/www.w3.org\/1999\/xlink\" id=\"plus\" viewBox=\"0 0 512 545.5\"><path d=\"M240 112h32v160h160v32H272v160h-32V304H80v-32h160V112z\"><\/path><\/svg><\/span><\/div>\n                      <div class=\"h-accordion-item-title-active-icon h-accordion-item-title-icon h-accordion-item-title-icon-right\"><span class=\"h-svg-icon\"><!--Icon by Icons8 Line Awesome (https:\/\/icons8.com\/line-awesome)--><svg version=\"1.1\" xmlns=\"http:\/\/www.w3.org\/2000\/svg\" xmlns:xlink=\"http:\/\/www.w3.org\/1999\/xlink\" id=\"minus\" viewBox=\"0 0 512 545.5\"><path d=\"M80 272h352v32H80v-32z\"><\/path><\/svg><\/span><\/div>\n                    <\/a>\n                    <div id=\"1539-c10\" class=\"h-accordion-item-content__container\">\n                      <div class=\"w-100 h-y-container h-accordion-item-content\">\n                        <!---->\n                        <div data-colibri-id=\"1539-c11\" class=\"h-text h-text-component style-1808 style-local-1539-c11 position-relative h-element\">\n                          <!---->\n                          <!---->\n                          <div class=\"\">\n                            <ul>\n                              <li><strong style=\"font-weight: 700;\">Tutorial de d\u00e9part =&gt;<\/strong> \/tutorial<\/li>\n                              <li><strong style=\"font-weight: 700;\">R\u00e9glage HUD =&gt;<\/strong>&nbsp;\/hud<\/li>\n                              <li><strong style=\"font-weight: 700;\">Gestion V\u00e9hicule =&gt;<\/strong> F3<\/li>\n                              <li><strong style=\"font-weight: 700;\">Menu Emote =&gt;<\/strong> F4<\/li>\n                              <li><span style=\"font-weight: 700;\">Menu Job<\/span> =&gt; F6<\/li>\n                              <li><strong style=\"font-weight: 700;\">Menu Facturation =&gt;<\/strong> F7<\/li>\n                              <li><strong style=\"font-weight: 700;\">Menu console =&gt;<\/strong> F8<\/li>\n                              <li><strong style=\"font-weight: 700;\">Ouvrir la liste des entreprises on\/off =&gt;<\/strong> 7<\/li>\n                            <\/ul>\n                            <p>\n                              <br>\n                            <\/p>\n                          <\/div>\n                        <\/div>\n                      <\/div>\n                    <\/div>\n                  <\/div>\n                <\/div>\n              <\/div>\n            <\/div>\n          <\/div>\n        <\/div>\n      <\/div>\n    <\/div>\n  <\/div>\n<\/div>","protected":false},"excerpt":{"rendered":"<p>LES COMMANDES G\u00c9N\u00c9RALES Commandes G\u00e9n\u00e9rales Tutorial de d\u00e9part =&gt; \/tutorial R\u00e9glage HUD =&gt;&nbsp;\/hud Gestion V\u00e9hicule =&gt; F3 Menu Emote =&gt; F4 Menu Job =&gt; F6 Menu Facturation =&gt; F7 Menu [&hellip;]<\/p>\n","protected":false},"author":1,"featured_media":0,"parent":0,"menu_order":0,"comment_status":"closed","ping_status":"closed","template":"page-templates\/full-width-page.php","meta":{"footnotes":""},"class_list":["post-1539","page","type-page","status-publish","hentry"],"_links":{"self":[{"href":"https:\/\/los-sharkos.com\/index.php?rest_route=\/wp\/v2\/pages\/1539","targetHints":{"allow":["GET"]}}],"collection":[{"href":"https:\/\/los-sharkos.com\/index.php?rest_route=\/wp\/v2\/pages"}],"about":[{"href":"https:\/\/los-sharkos.com\/index.php?rest_route=\/wp\/v2\/types\/page"}],"author":[{"embeddable":true,"href":"https:\/\/los-sharkos.com\/index.php?rest_route=\/wp\/v2\/users\/1"}],"replies":[{"embeddable":true,"href":"https:\/\/los-sharkos.com\/index.php?rest_route=%2Fwp%2Fv2%2Fcomments&post=1539"}],"version-history":[{"count":15,"href":"https:\/\/los-sharkos.com\/index.php?rest_route=\/wp\/v2\/pages\/1539\/revisions"}],"predecessor-version":[{"id":7000,"href":"https:\/\/los-sharkos.com\/index.php?rest_route=\/wp\/v2\/pages\/1539\/revisions\/7000"}],"wp:attachment":[{"href":"https:\/\/los-sharkos.com\/index.php?rest_route=%2Fwp%2Fv2%2Fmedia&parent=1539"}],"curies":[{"name":"wp","href":"https:\/\/api.w.org\/{rel}","templated":true}]}}