{"id":1551,"date":"2024-06-20T17:04:56","date_gmt":"2024-06-20T17:04:56","guid":{"rendered":"https:\/\/los-sharkos.com\/?page_id=1551"},"modified":"2025-10-19T15:48:22","modified_gmt":"2025-10-19T15:48:22","slug":"regles-generales","status":"publish","type":"page","link":"https:\/\/los-sharkos.com\/?page_id=1551","title":{"rendered":"Termes et Tips"},"content":{"rendered":"<div data-colibri-id=\"1551-c1\" class=\"style-532 style-local-1551-c1 position-relative\">\n  <!---->\n  <div data-colibri-component=\"section\" data-colibri-id=\"1551-c2\" id=\"cta-2\" class=\"h-section h-section-global-spacing d-flex align-items-lg-center align-items-md-center align-items-center style-1240 style-local-1551-c2 position-relative\">\n    <!---->\n    <!---->\n    <div class=\"h-section-grid-container h-section-boxed-container\">\n      <!---->\n      <div data-colibri-id=\"1551-c3\" class=\"h-row-container gutters-row-lg-2 gutters-row-md-2 gutters-row-2 gutters-row-v-lg-2 gutters-row-v-md-2 gutters-row-v-2 style-1241 style-local-1551-c3 position-relative\">\n        <!---->\n        <div class=\"h-row justify-content-lg-center justify-content-md-center justify-content-center align-items-lg-stretch align-items-md-stretch align-items-stretch gutters-col-lg-2 gutters-col-md-2 gutters-col-2 gutters-col-v-lg-2 gutters-col-v-md-2 gutters-col-v-2\">\n          <!---->\n          <div class=\"h-column h-column-container d-flex h-col-lg-auto h-col-md-auto h-col-auto style-1242-outer style-local-1551-c4-outer\">\n            <div data-colibri-id=\"1551-c4\" class=\"d-flex h-flex-basis h-column__inner h-px-lg-2 h-px-md-2 h-px-2 v-inner-lg-2 v-inner-md-2 v-inner-2 style-1242 style-local-1551-c4 position-relative\">\n              <!---->\n              <!---->\n              <div class=\"w-100 h-y-container h-column__content h-column__v-align flex-basis-100 align-self-lg-start align-self-md-start align-self-start\">\n                <!---->\n                <div data-colibri-id=\"1551-c5\" class=\"h-row-container gutters-row-lg-0 gutters-row-md-0 gutters-row-0 gutters-row-v-lg-0 gutters-row-v-md-0 gutters-row-v-0 style-1243 style-local-1551-c5 position-relative\">\n                  <!---->\n                  <div class=\"h-row justify-content-lg-center justify-content-md-center justify-content-center align-items-lg-stretch align-items-md-stretch align-items-stretch gutters-col-lg-0 gutters-col-md-0 gutters-col-0 gutters-col-v-lg-0 gutters-col-v-md-0 gutters-col-v-0\">\n                    <!---->\n                    <div class=\"h-column h-column-container d-flex h-col-lg-auto h-col-md-auto h-col-auto style-1244-outer style-local-1551-c6-outer\">\n                      <div data-colibri-id=\"1551-c6\" class=\"d-flex h-flex-basis h-column__inner h-ui-empty-state-container h-px-lg-0 h-px-md-0 h-px-0 v-inner-lg-0 v-inner-md-0 v-inner-0 style-1244 style-local-1551-c6 position-relative\">\n                        <div class=\"background-wrapper\">\n                          <div class=\"background-layer background-layer-media-container-lg\">\n                            <!---->\n                            <div class=\"overlay-layer\">\n                              <div class=\"overlay-image-layer\" style=\"background-image: linear-gradient(10deg, rgba(255, 255, 255, 0) 0%, rgb(226, 235, 231) 100%);\"><\/div>\n                            <\/div>\n                          <\/div>\n                          <div class=\"background-layer background-layer-media-container-md\">\n                            <!---->\n                            <div class=\"overlay-layer\">\n                              <div class=\"overlay-image-layer\" style=\"background-image: linear-gradient(10deg, rgba(255, 255, 255, 0) 0%, rgb(226, 235, 231) 100%);\"><\/div>\n                            <\/div>\n                          <\/div>\n                          <div class=\"background-layer background-layer-media-container\">\n                            <!---->\n                            <div class=\"overlay-layer\">\n                              <div class=\"overlay-image-layer\" style=\"background-image: linear-gradient(10deg, rgba(255, 255, 255, 0) 0%, rgb(226, 235, 231) 100%);\"><\/div>\n                            <\/div>\n                          <\/div>\n                        <\/div>\n                        <!---->\n                        <div class=\"w-100 h-y-container h-column__content h-column__v-align flex-basis-100\">\n                          <!---->\n                        <\/div>\n                      <\/div>\n                    <\/div>\n                    <div class=\"h-column h-column-container d-flex h-col-lg-auto h-col-md-auto h-col-auto style-1245-outer style-local-1551-c7-outer\">\n                      <div data-colibri-id=\"1551-c7\" class=\"d-flex h-flex-basis h-column__inner h-px-lg-2 h-px-md-2 h-px-2 v-inner-lg-2 v-inner-md-2 v-inner-2 style-1245 style-local-1551-c7 position-relative\">\n                        <!---->\n                        <!---->\n                        <div class=\"w-100 h-y-container h-column__content h-column__v-align flex-basis-100 align-self-lg-center align-self-md-center align-self-center\">\n                          <!---->\n                          <div data-colibri-id=\"1551-c8\" class=\"h-global-transition-all h-heading style-1246 style-local-1551-c8 position-relative h-element\">\n                            <!---->\n                            <div class=\"h-heading__outer style-1246 style-local-1551-c8\">\n                              <!---->\n                              <!---->\n                              <h2 class=\"\"><span style=\"font-weight: 600;\">Utilisez Medal pour vos records<\/span><\/h2>\n                            <\/div>\n                          <\/div>\n                          <div data-colibri-id=\"1551-c9\" class=\"h-lead h-text h-text-component style-1247 style-local-1551-c9 position-relative h-element\">\n                            <!---->\n                            <!---->\n                            <div class=\"\">\n                              <p>Tous les Tickets concernant les sc\u00e8nes doivent \u00eatre accompagn\u00e9s d&rsquo;un record pour \u00eatre trait\u00e9s par la Team (records twitch ou OBS sont accept\u00e9s)<\/p>\n                            <\/div>\n                          <\/div>\n                          <div data-colibri-id=\"1551-c10\" class=\"h-x-container style-1248 style-local-1551-c10 position-relative h-element\">\n                            <!---->\n                            <div class=\"h-x-container-inner style-dynamic-1551-c10-group style-1248-spacing style-local-1551-c10-spacing\"><span class=\"h-button__outer style-1249-outer style-local-1551-c11-outer d-inline-flex h-element\"><a h-use-smooth-scroll=\"true\" href=\"https:\/\/medal.tv\/fr\"  data-colibri-id=\"1551-c11\" class=\"d-flex w-100 align-items-center h-button justify-content-lg-center justify-content-md-center justify-content-center style-1249 style-local-1551-c11 position-relative\"><!----><!----> <span>T\u00e9l\u00e9chargez Medal<\/span><\/a>\n                              <\/span>\n                            <\/div>\n                          <\/div>\n                        <\/div>\n                      <\/div>\n                    <\/div>\n                  <\/div>\n                <\/div>\n              <\/div>\n            <\/div>\n          <\/div>\n        <\/div>\n      <\/div>\n    <\/div>\n  <\/div>\n  <div data-colibri-component=\"section\" data-colibri-id=\"1551-c12\" id=\"about\" class=\"h-section h-section-global-spacing d-flex align-items-lg-center align-items-md-center align-items-center style-537 style-local-1551-c12 position-relative\">\n    <!---->\n    <!---->\n    <div class=\"h-section-grid-container h-section-boxed-container\">\n      <!---->\n      <div data-colibri-id=\"1551-c13\" class=\"h-row-container gutters-row-lg-0 gutters-row-md-0 gutters-row-0 gutters-row-v-lg-0 gutters-row-v-md-0 gutters-row-v-0 style-538 style-local-1551-c13 position-relative\">\n        <!---->\n        <div class=\"h-row justify-content-lg-center justify-content-md-center justify-content-center align-items-lg-stretch align-items-md-stretch align-items-stretch gutters-col-lg-0 gutters-col-md-0 gutters-col-0 gutters-col-v-lg-0 gutters-col-v-md-0 gutters-col-v-0\">\n          <!---->\n          <div class=\"h-column h-column-container d-flex h-col-lg-6 h-col-md-6 h-col-12 style-539-outer style-local-1551-c14-outer\">\n            <div data-colibri-id=\"1551-c14\" class=\"d-flex h-flex-basis h-column__inner h-px-lg-0 h-px-md-0 h-px-0 v-inner-lg-0 v-inner-md-0 v-inner-0 style-539 style-local-1551-c14 position-relative\">\n              <!---->\n              <!---->\n              <div class=\"w-100 h-y-container h-column__content h-column__v-align flex-basis-100 align-self-lg-center align-self-md-center align-self-center\">\n                <!---->\n                <div data-colibri-id=\"1551-c15\" class=\"h-global-transition-all h-heading style-540 style-local-1551-c15 position-relative h-element\">\n                  <!---->\n                  <div class=\"h-heading__outer style-540 style-local-1551-c15\">\n                    <!---->\n                    <!---->\n                    <h3 class=\"\"><strong style=\"font-weight: 700;\">LES BASES DU RP&nbsp;<\/strong><\/h3>\n                  <\/div>\n                <\/div>\n                <div data-colibri-id=\"1551-c16\" class=\"h-text h-text-component style-542 style-local-1551-c16 position-relative h-element\">\n                  <!---->\n                  <!---->\n                  <div class=\"\">\n                    <p><strong style=\"font-weight: 600;\">Le Fairplay<\/strong><span style=\"font-weight: 600;\"> :<\/span> Assumez vos actes, soyez bon perdant mais \u00e9galement bon gagnant. Ayez toujours une attitude positive et respectez le r\u00e8glement de fa\u00e7on\n                      rigoureuse. Le RP, c&rsquo;est jouer ensemble, offrir des sc\u00e8nes et en recevoir.\n                      <br>\n                      <br><span style=\"font-weight: 600;\">Meta Gaming : <\/span><span style=\"font-weight: 400;\">Utiliser des informations ou des moyens hors jeu pour vous aider et avoir des avantages en jeu.<\/span><\/p>\n                    <p><strong>Power Gaming<\/strong> : Effectuer des actions irr\u00e9alisables dans la physique r\u00e9elle ou utiliser la physique du jeu pour gagner.<\/p>\n                    <p><strong>Mass RP<\/strong> : San Andreas est une \u00eele avec plusieurs millions d\u2019habitants de jour comme de nuit. Ne pas consid\u00e9rer cela, c\u2019est ne pas respecter le mass RP. Pour exemple, le SAPD est en permanence rempli d&rsquo;agents des Forces\n                      de l&rsquo;Ordre.<\/p>\n                    <p><strong style=\"font-weight: 600;\">No Fear<\/strong><span style=\"font-weight: 600;\"> :<\/span> Ne pas jouer la peur lorsque vous \u00eates braqu\u00e9 ou bien qu&rsquo;un personnage ou un groupe de personne qui, de par ses actions pass\u00e9es, inspire la\n                      peur sur l&rsquo;ile.<\/p>\n                    <p><strong>No Pain<\/strong> : Le fait de ne pas joueur la douleur lorsque l&rsquo;on vient de se battre, de tomber d&rsquo;un immeuble ou bien d&rsquo;avoir un accident de voiture. Mentir sur ses blessures au SAMS sera consid\u00e9r\u00e9 comme du No Pain.<\/p>\n                    <p><strong>Win RP<\/strong> : Directement li\u00e9 au FairPlay, c&rsquo;est le fait d&rsquo;agir afin de gagner sans laisser de chance ou de porte de sortie. Alors apprenez \u00e0 accepter la d\u00e9faite.<\/p>\n                    <p><strong>Revenge Kill<\/strong> : Si votre personnage fait coma sur une sc\u00e8ne il ne peut pas y retourner pour se m\u00ealer \u00e0 la bagare ou la fusillade. Pareil pour votre nouveau personnage en cas de reroll, il ne conna\u00eetra rien du pass\u00e9\n                      de votre ancien personnage.\n                      <br>\n                      <br><strong>Force RP<\/strong> : Obliger un joueur \u00e0 faire une sc\u00e8ne qui n\u2019a pas de coh\u00e9rence ou n\u2019a pas lieu d\u2019\u00eatre sans lui offrir de choix ou de porte de sortie.\n                      <br>\n                    <\/p>\n                    <p><strong>Cons\u00e9quences RP<\/strong> : Chaque acte en RP, quel qu\u2019il soit, entra\u00eene des cons\u00e9quences qui peuvent \u00eatre positives ou n\u00e9gatives. C\u2019est vrai quand on est civil, criminel, mais aussi service public.\n                      <br>\n                      <br><span style=\"font-weight: 600;\">Coh\u00e9rence RP : <\/span><span style=\"font-weight: 400;\">Votre personnage et ses actes doivent rester coh\u00e9rent avec son histoire.<\/span><\/p>\n                  <\/div>\n                <\/div>\n              <\/div>\n            <\/div>\n          <\/div>\n          <div class=\"h-column h-column-container d-flex h-col-lg-6 h-col-md-6 h-col-12 style-543-outer style-local-1551-c17-outer\">\n            <div data-colibri-id=\"1551-c17\" class=\"d-flex h-flex-basis h-column__inner h-ui-empty-state-container h-px-lg-2 h-px-md-2 h-px-2 v-inner-lg-2 v-inner-md-2 v-inner-2 style-543 style-local-1551-c17 position-relative\">\n              <!---->\n              <!---->\n              <div class=\"w-100 h-y-container h-column__content h-column__v-align flex-basis-100\">\n                <!---->\n              <\/div>\n            <\/div>\n          <\/div>\n        <\/div>\n      <\/div>\n    <\/div>\n  <\/div>\n  <div data-colibri-component=\"section\" data-colibri-id=\"1551-c18\" id=\"about-2\" class=\"h-section h-section-global-spacing d-flex align-items-lg-center align-items-md-center align-items-center style-544 style-local-1551-c18 position-relative\">\n    <!---->\n    <!---->\n    <div class=\"h-section-grid-container h-section-boxed-container\">\n      <!---->\n      <div data-colibri-id=\"1551-c19\" class=\"h-row-container gutters-row-lg-0 gutters-row-md-0 gutters-row-0 gutters-row-v-lg-0 gutters-row-v-md-0 gutters-row-v-0 style-545 style-local-1551-c19 position-relative\">\n        <!---->\n        <div class=\"h-row justify-content-lg-center justify-content-md-center justify-content-center align-items-lg-stretch align-items-md-stretch align-items-stretch gutters-col-lg-0 gutters-col-md-0 gutters-col-0 gutters-col-v-lg-0 gutters-col-v-md-0 gutters-col-v-0\">\n          <!---->\n          <div class=\"h-column h-column-container d-flex h-col-lg-auto h-col-md-auto h-col-auto style-546-outer style-local-1551-c20-outer\">\n            <div data-colibri-id=\"1551-c20\" class=\"d-flex h-flex-basis h-column__inner h-ui-empty-state-container h-px-lg-0 h-px-md-0 h-px-0 v-inner-lg-0 v-inner-md-0 v-inner-0 style-546 style-local-1551-c20 position-relative\">\n              <!---->\n              <!---->\n              <div class=\"w-100 h-y-container h-column__content h-column__v-align flex-basis-100\">\n                <!---->\n              <\/div>\n            <\/div>\n          <\/div>\n          <div class=\"h-column h-column-container d-flex h-col-lg-auto h-col-md-auto h-col-auto style-547-outer style-local-1551-c21-outer\">\n            <div data-colibri-id=\"1551-c21\" class=\"d-flex h-flex-basis h-column__inner h-px-lg-2 h-px-md-2 h-px-2 v-inner-lg-2 v-inner-md-2 v-inner-2 style-547 style-local-1551-c21 position-relative\">\n              <!---->\n              <!---->\n              <div class=\"w-100 h-y-container h-column__content h-column__v-align flex-basis-100 align-self-lg-start align-self-md-start align-self-start\">\n                <!---->\n                <div data-colibri-id=\"1551-c22\" class=\"h-global-transition-all h-heading style-548 style-local-1551-c22 position-relative h-element\">\n                  <!---->\n                  <div class=\"h-heading__outer style-548 style-local-1551-c22\">\n                    <!---->\n                    <!---->\n                    <h3 class=\"\"><span style=\"font-weight: 700;\">LES PETITS TRUCS QUI \u00c9NERVENT<\/span><\/h3>\n                  <\/div>\n                <\/div>\n                <div data-colibri-id=\"1551-c23\" class=\"h-text h-text-component style-550 style-local-1551-c23 position-relative h-element\">\n                  <!---->\n                  <!---->\n                  <div class=\"\">\n                    <p><strong>Bunny up\/Chicken Run<\/strong> : Le fait de sauter en courant pour ne pas perdre d\u2019\u00e9nergie. Le fait de zigzaguer pour \u00e9viter le taser ou les projectiles.<\/p>\n                    <p><strong>Punch Mitraillette<\/strong> : Encha\u00eener les coups de poing et ne pas laisser \u00e0 l\u2019autre la possibilit\u00e9 de r\u00e9pondre.<\/p>\n                    <p><strong>La Buissonade<\/strong> : Se cacher ou cacher son v\u00e9hicule dans un buisson est interdit.\n                      <br>\n                    <\/p>\n                    <p><strong style=\"font-weight: 700;\">Off Road : <\/strong><span style=\"font-weight: 400;\">Faire du off road avec un v\u00e9hicule non ad\u00e9quat est interdit. Seuls les 4&#215;4 et les moto cross peuvent le faire. <\/span>\n                      <br>\n                    <\/p>\n                    <p><strong>Use Bug<\/strong> : Toute utilisation d\u2019un bug du jeu \u00e0 son profit ou pour contrer une action RP est interdite.\n                      <br>\n                      <br><strong style=\"font-weight: 700;\">Bait Cop :<\/strong> Le fait de provoquer le SAPD dans le but d&rsquo;obtenir une CP ou une arrestation qui n&rsquo;a pas lieu d&rsquo;\u00eatre.\n                      <br>\n                      <br><strong style=\"font-weight: 700;\">FreeKill :<\/strong> Le fait de tuer quelqu&rsquo;un sans sc\u00e8ne et sans raison.<\/p>\n                    <p><span style=\"font-weight: 700;\">Raccourcis RP :<\/span> Consid\u00e9rer qu\u2019une voiture de telle couleur appartient \u00e0 tel groupe.\n                      <br>Reconnaitre une personne masqu\u00e9e.Par contre si la personne a une tenue de groupe sp\u00e9cifique, vous pouvez reconnaitre le groupe, mais pas la personne.<\/p>\n                  <\/div>\n                <\/div>\n              <\/div>\n            <\/div>\n          <\/div>\n        <\/div>\n      <\/div>\n    <\/div>\n  <\/div>\n  <div data-colibri-component=\"section\" data-colibri-id=\"1551-c24\" id=\"about-3\" class=\"h-section h-section-global-spacing d-flex align-items-lg-center align-items-md-center align-items-center style-551 style-local-1551-c24 position-relative\">\n    <!---->\n    <!---->\n    <div class=\"h-section-grid-container h-section-boxed-container\">\n      <!---->\n      <div data-colibri-id=\"1551-c25\" class=\"h-row-container gutters-row-lg-0 gutters-row-md-0 gutters-row-0 gutters-row-v-lg-0 gutters-row-v-md-0 gutters-row-v-0 style-552 style-local-1551-c25 position-relative\">\n        <!---->\n        <div class=\"h-row justify-content-lg-center justify-content-md-center justify-content-center align-items-lg-stretch align-items-md-stretch align-items-stretch gutters-col-lg-0 gutters-col-md-0 gutters-col-0 gutters-col-v-lg-0 gutters-col-v-md-0 gutters-col-v-0\">\n          <!---->\n          <div class=\"h-column h-column-container d-flex h-col-lg-auto h-col-md-auto h-col-auto style-553-outer style-local-1551-c26-outer\">\n            <div data-colibri-id=\"1551-c26\" class=\"d-flex h-flex-basis h-column__inner h-px-lg-0 h-px-md-0 h-px-0 v-inner-lg-0 v-inner-md-0 v-inner-0 style-553 style-local-1551-c26 position-relative\">\n              <!---->\n              <!---->\n              <div class=\"w-100 h-y-container h-column__content h-column__v-align flex-basis-100 align-self-lg-start align-self-md-start align-self-start\">\n                <!---->\n                <div data-colibri-id=\"1551-c27\" class=\"h-global-transition-all h-heading style-554 style-local-1551-c27 position-relative h-element\">\n                  <!---->\n                  <div class=\"h-heading__outer style-554 style-local-1551-c27\">\n                    <!---->\n                    <!---->\n                    <h3 class=\"\"><span style=\"font-weight: 700;\">L\u00c0 ON VOIT ROUGE<\/span><\/h3>\n                  <\/div>\n                <\/div>\n                <div data-colibri-id=\"1551-c28\" class=\"h-text h-text-component style-556 style-local-1551-c28 position-relative h-element\">\n                  <!---->\n                  <!---->\n                  <div class=\"\">\n                    <p><strong>Streamhack<\/strong> : \u00catre sur un live en m\u00eame temps qu&rsquo;on joue une sc\u00e8ne RP.\n                      <br>Utiliser les infos prise sur un live pour trouver une information, un lieu ou une personne.\n                      <br>\n                    <\/p>\n                    <p><strong style=\"color: rgb(70, 112, 127); font-family: &quot;Open Sans&quot;; font-size: 16px; --wp-dark-mode-inline-color: #8dabb3;\" data-wp-dark-mode-inline-color=\"\">HRP<\/strong><span style=\"color: rgb(70, 112, 127); font-family: &quot;Open Sans&quot;; font-size: 16px; font-weight: 400; --wp-dark-mode-inline-color: #8dabb3;\"\n                        data-wp-dark-mode-inline-color=\"\">&nbsp;: Utiliser en RP des informations que vous avez obtenues en dehors de vos sc\u00e8nes RP. Parler des Admins quelque soit le nom que vous inventez. Demander quelle touche, ou carr\u00e9ment parler hors contexte RP. <\/span>\n                      <br>\n                    <\/p>\n                    <p><strong style=\"font-weight: 700;\">Refus de sc\u00e8ne :<\/strong> Quoiqu\u2019il se passe in game, vous devez terminer vos sc\u00e8nes. Vous pourrez toujours faire un ticket apr\u00e8s la sc\u00e8ne avec une POV Medal pour faire une r\u00e9clamation ou bien un debrief.<\/p>\n                    <p><strong style=\"font-weight: 700;\">Rage quit :<\/strong> Quitter le jeu parce qu&rsquo;une sc\u00e8ne ne vous a pas convenu.\n                      <br>\n                      <br><span style=\"font-weight: 700;\">Les insultes : <\/span><span style=\"font-weight: 400;\">On est sur GTA, il y a des insultes certes. Mais restez soft parce que le RP FdP ne nous interesse pas du tout. Quand on insulte \u00e0 r\u00e9p\u00e9tition, c&rsquo;est qu&rsquo;on on a plus d&rsquo;argument et que \u00e7a devient HRP&#8230;.Pensez y<\/span><\/p>\n                  <\/div>\n                <\/div>\n              <\/div>\n            <\/div>\n          <\/div>\n          <div class=\"h-column h-column-container d-flex h-col-lg-auto h-col-md-auto h-col-auto style-557-outer style-local-1551-c29-outer\">\n            <div data-colibri-id=\"1551-c29\" class=\"d-flex h-flex-basis h-column__inner h-ui-empty-state-container h-px-lg-2 h-px-md-2 h-px-2 v-inner-lg-2 v-inner-md-2 v-inner-2 style-557 style-local-1551-c29 position-relative\">\n              <!---->\n              <!---->\n              <div class=\"w-100 h-y-container h-column__content h-column__v-align flex-basis-100\">\n                <!---->\n              <\/div>\n            <\/div>\n          <\/div>\n        <\/div>\n      <\/div>\n    <\/div>\n  <\/div>\n<\/div>","protected":false},"excerpt":{"rendered":"<p>Utilisez Medal pour vos records Tous les Tickets concernant les sc\u00e8nes doivent \u00eatre accompagn\u00e9s d&rsquo;un record pour \u00eatre trait\u00e9s par la Team (records twitch ou OBS sont accept\u00e9s) T\u00e9l\u00e9chargez Medal [&hellip;]<\/p>\n","protected":false},"author":1,"featured_media":0,"parent":1539,"menu_order":0,"comment_status":"closed","ping_status":"closed","template":"page-templates\/full-width-page.php","meta":{"footnotes":""},"class_list":["post-1551","page","type-page","status-publish","hentry"],"_links":{"self":[{"href":"https:\/\/los-sharkos.com\/index.php?rest_route=\/wp\/v2\/pages\/1551","targetHints":{"allow":["GET"]}}],"collection":[{"href":"https:\/\/los-sharkos.com\/index.php?rest_route=\/wp\/v2\/pages"}],"about":[{"href":"https:\/\/los-sharkos.com\/index.php?rest_route=\/wp\/v2\/types\/page"}],"author":[{"embeddable":true,"href":"https:\/\/los-sharkos.com\/index.php?rest_route=\/wp\/v2\/users\/1"}],"replies":[{"embeddable":true,"href":"https:\/\/los-sharkos.com\/index.php?rest_route=%2Fwp%2Fv2%2Fcomments&post=1551"}],"version-history":[{"count":20,"href":"https:\/\/los-sharkos.com\/index.php?rest_route=\/wp\/v2\/pages\/1551\/revisions"}],"predecessor-version":[{"id":6824,"href":"https:\/\/los-sharkos.com\/index.php?rest_route=\/wp\/v2\/pages\/1551\/revisions\/6824"}],"up":[{"embeddable":true,"href":"https:\/\/los-sharkos.com\/index.php?rest_route=\/wp\/v2\/pages\/1539"}],"wp:attachment":[{"href":"https:\/\/los-sharkos.com\/index.php?rest_route=%2Fwp%2Fv2%2Fmedia&parent=1551"}],"curies":[{"name":"wp","href":"https:\/\/api.w.org\/{rel}","templated":true}]}}